{"id":2,"date":"2009-12-18T00:09:26","date_gmt":"2009-12-17T23:09:26","guid":{"rendered":"http:\/\/www.carolines-night.de\/relaunch\/?page_id=2"},"modified":"2020-10-25T20:26:31","modified_gmt":"2020-10-25T19:26:31","slug":"eine-seite","status":"publish","type":"page","link":"https:\/\/www.carolines-night.de\/","title":{"rendered":"Band"},"content":{"rendered":"<p><strong>[:carolines-night] Dieser Name steht im Ruhrgebiet seit mehr als 20 Jahren f\u00fcr feinsten Cover-Rock.<\/strong><\/p>\n<p>Nah am Original und doch mit pers\u00f6nlicher Note und eigenst\u00e4ndigem Sound dr\u00fccken die f\u00fcnf Jungs den Rock-Hits der letzten Dekaden ihren eigenen Stempel auf.<\/p>\n<p>Wer schon immer gern Green Day, Placebo und Die Toten Hosen zusammen mit anderen Gr\u00f6\u00dfen dieses Genres an einem Abend auf der B\u00fchne erleben wollte, der sollte das n\u00e4chste Konzert dieses Gespanns auf keinen Fall verpassen.<\/p>\n<p>Jedes Mal ziehen sie Publikum quer durch alle Altersgruppen in ihren Bann &#8211; wer sie sieht wei\u00df auch warum. Kompakter Sound, tolle B\u00fchnenpr\u00e4senz und einfach nette Jungs.<\/p>\n<p>Partylaune- und Mitsing-Garantie!<\/p>\n<p>Inside, Outside, Otherside &#8211; whatever! You want it? You&#8217;ll get it!<\/p>\n\n\n<iframe loading=\"lazy\" src=\"https:\/\/www.facebook.com\/plugins\/page.php?href=https%3A%2F%2Fwww.facebook.com%2FCarolinesNight%2F&amp;tabs=timeline&amp;width=820&amp;height=500&amp;small_header=false&amp;adapt_container_width=true&amp;hide_cover=false&amp;show_facepile=true&amp;appId=445541665492645\" width=\"820\" height=\"500\" style=\"border:none;overflow:hidden\" scrolling=\"no\" frameborder=\"0\" allowtransparency=\"true\" allow=\"encrypted-media\"><\/iframe>\n","protected":false},"excerpt":{"rendered":"<p>[:carolines-night] Dieser Name steht im Ruhrgebiet seit mehr als 20 Jahren f\u00fcr feinsten Cover-Rock. Nah am Original und doch mit pers\u00f6nlicher Note und eigenst\u00e4ndigem Sound dr\u00fccken die f\u00fcnf Jungs den Rock-Hits der letzten Dekaden ihren eigenen Stempel auf. Wer schon &hellip; <a href=\"https:\/\/www.carolines-night.de\/\">Weiterlesen <span class=\"meta-nav\">&rarr;<\/span><\/a><\/p>\n","protected":false},"author":1,"featured_media":0,"parent":0,"menu_order":0,"comment_status":"closed","ping_status":"closed","template":"sidebar-page.php","meta":{"footnotes":""},"_links":{"self":[{"href":"https:\/\/www.carolines-night.de\/index.php?rest_route=\/wp\/v2\/pages\/2"}],"collection":[{"href":"https:\/\/www.carolines-night.de\/index.php?rest_route=\/wp\/v2\/pages"}],"about":[{"href":"https:\/\/www.carolines-night.de\/index.php?rest_route=\/wp\/v2\/types\/page"}],"author":[{"embeddable":true,"href":"https:\/\/www.carolines-night.de\/index.php?rest_route=\/wp\/v2\/users\/1"}],"replies":[{"embeddable":true,"href":"https:\/\/www.carolines-night.de\/index.php?rest_route=%2Fwp%2Fv2%2Fcomments&post=2"}],"version-history":[{"count":36,"href":"https:\/\/www.carolines-night.de\/index.php?rest_route=\/wp\/v2\/pages\/2\/revisions"}],"predecessor-version":[{"id":3725,"href":"https:\/\/www.carolines-night.de\/index.php?rest_route=\/wp\/v2\/pages\/2\/revisions\/3725"}],"wp:attachment":[{"href":"https:\/\/www.carolines-night.de\/index.php?rest_route=%2Fwp%2Fv2%2Fmedia&parent=2"}],"curies":[{"name":"wp","href":"https:\/\/api.w.org\/{rel}","templated":true}]}}